{"id":22,"date":"2022-01-25T13:36:19","date_gmt":"2022-01-25T12:36:19","guid":{"rendered":"https:\/\/www.creartivo.de\/mailing\/?page_id=22"},"modified":"2022-02-07T14:21:39","modified_gmt":"2022-02-07T13:21:39","slug":"formular","status":"publish","type":"page","link":"https:\/\/www.service-rechtsanwalt.de\/de_de\/formular\/","title":{"rendered":"\u201eUm Probleme zu l\u00f6sen, braucht es mutige Menschen, die auf Missst\u00e4nde aufmerksam machen\u201c"},"content":{"rendered":"\n<p><\/p>\n\n\n\n<p>Wir behandeln diese Informationen als vertrauliche anwaltliche Erstberatung!<\/p>\n\n\n\n<p>F\u00fcr Sie entstehen keine Kosten!<\/p>\n\n\n\n<div class=\"wp-block-contact-form-7-contact-form-selector\">\n<div class=\"wpcf7 no-js\" id=\"wpcf7-f21-o1\" lang=\"de-DE\" dir=\"ltr\" data-wpcf7-id=\"21\">\n<div class=\"screen-reader-response\"><p role=\"status\" aria-live=\"polite\" aria-atomic=\"true\"><\/p> <ul><\/ul><\/div>\n<form action=\"\/de_de\/wp-json\/wp\/v2\/pages\/22#wpcf7-f21-o1\" method=\"post\" class=\"wpcf7-form init\" aria-label=\"Kontaktformular\" novalidate=\"novalidate\" data-status=\"init\">\n<fieldset class=\"hidden-fields-container\"><input type=\"hidden\" name=\"_wpcf7\" value=\"21\" \/><input type=\"hidden\" name=\"_wpcf7_version\" value=\"6.1.5\" \/><input type=\"hidden\" name=\"_wpcf7_locale\" value=\"de_DE\" \/><input type=\"hidden\" name=\"_wpcf7_unit_tag\" value=\"wpcf7-f21-o1\" \/><input type=\"hidden\" name=\"_wpcf7_container_post\" value=\"0\" \/><input type=\"hidden\" name=\"_wpcf7_posted_data_hash\" value=\"\" \/>\n<\/fieldset>\n<h2>Wir stellen f\u00fcr unsere Auftraggeber ein <span class=\"themecolor\">vertrauliches Meldeportal<\/span> bereit.<br \/>\nDie Meldungen werden von erfahrenen Juristen bearbeitet.\n<\/h2>\n<hr \/>\n<p><label> F\u00fcr welche Organisation wollen Sie melden? (Pflichtfeld)<br \/>\n<span class=\"wpcf7-form-control-wrap\" data-name=\"Organisation\"><input size=\"40\" maxlength=\"400\" class=\"wpcf7-form-control wpcf7-text wpcf7-validates-as-required\" aria-required=\"true\" aria-invalid=\"false\" value=\"\" type=\"text\" name=\"Organisation\" \/><\/span><br \/>\n<\/label><br \/>\nZu unseren Auftraggebern geh\u00f6ren Unternehmen und Beh\u00f6rden bitte machen Sie hier zur Zuordnung eine klare Angabe!\n<\/p>\n<hr \/>\n<p><label> Was sollen wir f\u00fcr Sie melden (Pflichtfeld)<br \/>\n<span class=\"wpcf7-form-control-wrap\" data-name=\"Nachricht\"><textarea cols=\"10\" rows=\"6\" maxlength=\"2000\" class=\"wpcf7-form-control wpcf7-textarea wpcf7-validates-as-required\" aria-required=\"true\" aria-invalid=\"false\" name=\"Nachricht\"><\/textarea><\/span> <\/label><br \/>\nBitte geben Sie einen m\u00f6glichst konkreten Sachverhalt an. Je mehr Informationen Sie uns geben, desto besser k\u00f6nnen wir Ihre Meldung bearbeiten.\n<\/p>\n<hr \/>\n<P><b>Sie wollen wissen, was aus Ihrer Meldung geworden ist?<\/b><br \/>\n<span class=\"wpcf7-form-control-wrap\" data-name=\"Meldungsnachverfolgung\"><span class=\"wpcf7-form-control wpcf7-radio\"><span class=\"wpcf7-list-item first\"><label><input type=\"radio\" name=\"Meldungsnachverfolgung\" value=\"Ja\" checked=\"checked\" \/><span class=\"wpcf7-list-item-label\">Ja<\/span><\/label><\/span><span class=\"wpcf7-list-item last\"><label><input type=\"radio\" name=\"Meldungsnachverfolgung\" value=\"Nein\" \/><span class=\"wpcf7-list-item-label\">Nein<\/span><\/label><\/span><\/span><\/span>\n<\/p>\n<p>[group rueckmeldung]<br \/>\n<label> Ihr Name <span class=\"wpcf7-form-control-wrap\" data-name=\"Name\"><input size=\"40\" maxlength=\"400\" class=\"wpcf7-form-control wpcf7-text\" aria-invalid=\"false\" value=\"\" type=\"text\" name=\"Name\" \/><\/span><\/label>\n<\/p>\n<p><b>Wie k\u00f6nnen wir Sie erreichen?<\/b><br \/>\n<label> Ihre Telefonnummer <span class=\"wpcf7-form-control-wrap\" data-name=\"Telefonnummer\"><input size=\"40\" maxlength=\"400\" class=\"wpcf7-form-control wpcf7-text\" aria-invalid=\"false\" value=\"\" type=\"text\" name=\"Telefonnummer\" \/><\/span> <\/label><br \/>\n<label> Ihre E-Mail-Adresse <span class=\"wpcf7-form-control-wrap\" data-name=\"E-Mail\"><input size=\"40\" maxlength=\"400\" class=\"wpcf7-form-control wpcf7-text\" aria-invalid=\"false\" value=\"\" type=\"text\" name=\"E-Mail\" \/><\/span> <\/label><br \/>\n<label> Ihre Anschrift <span class=\"wpcf7-form-control-wrap\" data-name=\"Anschrift\"><input size=\"40\" maxlength=\"400\" class=\"wpcf7-form-control wpcf7-text\" aria-invalid=\"false\" value=\"\" type=\"text\" name=\"Anschrift\" \/><\/span> <\/label>\n<\/p>\n<P><b>Sind Sie mit Besprechungen im Rahmen einer Videokonferenz (Microsoft Teams) einverstanden? <\/b><br \/>\n<span class=\"wpcf7-form-control-wrap\" data-name=\"Videokonferenz\"><span class=\"wpcf7-form-control wpcf7-radio\"><span class=\"wpcf7-list-item first\"><label><input type=\"radio\" name=\"Videokonferenz\" value=\"Ja\" \/><span class=\"wpcf7-list-item-label\">Ja<\/span><\/label><\/span><span class=\"wpcf7-list-item last\"><label><input type=\"radio\" name=\"Videokonferenz\" value=\"Nein\" checked=\"checked\" \/><span class=\"wpcf7-list-item-label\">Nein<\/span><\/label><\/span><\/span><\/span>\n<\/p>\n<p>[\/group]\n<\/p>\n<hr \/>\n<p>[group kennwort]\n<\/p>\n<p><b>Kennwort<\/b>\n<\/p>\n<p><b>Achtung:<\/b> Sollten Sie keine Kontaktdaten angeben wollen, geben Sie uns hier ein Kennwort zu diesem Hinweis.<br \/>\nMit dem Kennwort k\u00f6nnen Sie uns nachtr\u00e4glich anrufen und erfahren, was aus Ihrer Meldung geworden ist.<br \/>\nSie k\u00f6nnen uns daf\u00fcr an Werktagen von 09.00 - 17.00 Uhr unter 0 71 52 - 56 958 99 erreichen.\n<\/p>\n<p><label> Ihr Kennwort <span class=\"wpcf7-form-control-wrap\" data-name=\"kennwort\"><input size=\"40\" maxlength=\"40\" class=\"wpcf7-form-control wpcf7-text\" aria-invalid=\"false\" value=\"\" type=\"text\" name=\"kennwort\" \/><\/span> <\/label>\n<\/p>\n<p>Dies ist kein Passwort, sondern ein Code-Wort oder Satz mit dem wir Sie als Hinweisgeber identifizieren k\u00f6nnen.\n<\/p>\n<p>W\u00e4hlen Sie Ihr Kennwort so, dass man es nicht leicht erraten kann. Nehmen Sie keine Standard-Kennw\u00f6rter, damit wir Sie auch zweifelsfrei identifizieren k\u00f6nnen! Nutzen Sie maximal 40 Zeichen.\n<\/p>\n<p>[\/group]\n<\/p>\n<p>Bitte beachten Sie unsere <a href=\"..\/datenschutzerklaerung\/\" target=\"_blank\">Datenschutzerkl\u00e4rung<\/a>\n<\/p>\n<hr \/>\n<p><input class=\"wpcf7-form-control wpcf7-submit has-spinner\" type=\"submit\" value=\"Nachricht abschicken\" \/>\n<\/p><div class=\"wpcf7-response-output\" aria-hidden=\"true\"><\/div>\n<\/form>\n<\/div>\n<\/div>\n\n\n\n<p><\/p>\n","protected":false},"excerpt":{"rendered":"<p>Wir behandeln diese Informationen als vertrauliche anwaltliche Erstberatung! F\u00fcr Sie entstehen keine Kosten!<\/p>\n","protected":false},"author":1,"featured_media":0,"parent":0,"menu_order":0,"comment_status":"closed","ping_status":"closed","template":"","meta":{"footnotes":""},"class_list":["post-22","page","type-page","status-publish","hentry"],"_links":{"self":[{"href":"https:\/\/www.service-rechtsanwalt.de\/de_de\/wp-json\/wp\/v2\/pages\/22","targetHints":{"allow":["GET"]}}],"collection":[{"href":"https:\/\/www.service-rechtsanwalt.de\/de_de\/wp-json\/wp\/v2\/pages"}],"about":[{"href":"https:\/\/www.service-rechtsanwalt.de\/de_de\/wp-json\/wp\/v2\/types\/page"}],"author":[{"embeddable":true,"href":"https:\/\/www.service-rechtsanwalt.de\/de_de\/wp-json\/wp\/v2\/users\/1"}],"replies":[{"embeddable":true,"href":"https:\/\/www.service-rechtsanwalt.de\/de_de\/wp-json\/wp\/v2\/comments?post=22"}],"version-history":[{"count":3,"href":"https:\/\/www.service-rechtsanwalt.de\/de_de\/wp-json\/wp\/v2\/pages\/22\/revisions"}],"predecessor-version":[{"id":60,"href":"https:\/\/www.service-rechtsanwalt.de\/de_de\/wp-json\/wp\/v2\/pages\/22\/revisions\/60"}],"wp:attachment":[{"href":"https:\/\/www.service-rechtsanwalt.de\/de_de\/wp-json\/wp\/v2\/media?parent=22"}],"curies":[{"name":"wp","href":"https:\/\/api.w.org\/{rel}","templated":true}]}}